{"id":3741,"date":"2023-02-28T12:50:01","date_gmt":"2023-02-28T12:50:01","guid":{"rendered":"https:\/\/sfkbt.se\/sfkbt\/?page_id=3741"},"modified":"2023-07-17T09:43:31","modified_gmt":"2023-07-17T09:43:31","slug":"om-kakor-och-personuppgifter","status":"publish","type":"page","link":"https:\/\/sfkbt.se\/sfkbt\/om-kakor-och-personuppgifter\/","title":{"rendered":"Om personuppgifter och kakor"},"content":{"rendered":"<div class=\"gb-container gb-container-19a4201d\"><div class=\"gb-inside-container\">\n<div class=\"gb-container gb-container-7286e5a2 sen_blockoff\"><div class=\"gb-inside-container\">\n\n<h2 class=\"wp-block-heading has-text-align-center has-vittext-color has-text-color\">personuppgifter och kakor<\/h2>\n\n<\/div><\/div>\n\n<div class=\"gb-container gb-container-934ccbf2 sen_blockon\"><div class=\"gb-inside-container\">\n\n<h2 class=\"wp-block-heading has-text-align-center has-vittext-color has-text-color\">person-<br>uppgifter<br>och kakor<\/h2>\n\n<\/div><\/div>\n<\/div><\/div>\n\n<div class=\"gb-container gb-container-865320aa\"><div class=\"gb-inside-container\">\n<div class=\"gb-grid-wrapper gb-grid-wrapper-e204bcad\">\n<div class=\"gb-grid-column gb-grid-column-5e27d806\"><div class=\"gb-container gb-container-5e27d806\"><div class=\"gb-inside-container\">\n\n<p>Denna webbplats&nbsp;<strong>sfkbt.se<\/strong>&nbsp;anv\u00e4nder inga kakor (cookies) och samlar inte in n\u00e5gra personuppgifter fr\u00e5n dig som l\u00e4sare.<\/p>\n\n\n\n<p>Om du s\u00f6ker en legitimerad psykoterapeut i KBT eller godk\u00e4nd handledare i KBT bland f\u00f6reningens medlemmar, sker en omdirigering till webbplatsen&nbsp;<strong>sfkbt-medlem.se<\/strong>&nbsp;f\u00f6r visning av kontaktuppgifter. Vid visningen anv\u00e4nds inga kakor och inga personuppgifter samlas in.<\/p>\n\n\n\n<p>Medlemmar loggar in p\u00e5 webbplatsen&nbsp;<strong>sfkbt-medlem.se<\/strong>, som n\u00e5s via&nbsp;<em>Min sida <\/em>i menyn h\u00e4r ovan. P\u00e5 webbplatsen f\u00f6r inloggning finns information om kakor och hur personuppgifter behandlas f\u00f6r inloggade medlemmar.<\/p>\n\n\n\n<p>Ans\u00f6kan om medlemskap via menyvalet&nbsp;<em>Bli medlem<\/em>&nbsp;h\u00e4r ovan sker genom omdirigering till&nbsp;<strong>sfkbt-medlem.se<\/strong>. P\u00e5 sidan f\u00f6r medlemsans\u00f6kan finns information om kakor och hur personuppgifter behandlas vid en ans\u00f6kan.<\/p>\n\n\n\n<p>\u00c4ven anm\u00e4lningar till f\u00f6reningens aktiviteter sker genom omdirigering till <strong>sfkbt-medlem.se<\/strong>. P\u00e5 sidan d\u00e4r man anm\u00e4ler sig finns detaljerad information om kakor och hur de personuppgifter man l\u00e4mnar i sin anm\u00e4lan behandlas.<\/p>\n\n\n\n<p>F\u00f6r att sprida kunskap om KBT kan fotografier och inspelade f\u00f6rel\u00e4sningar fr\u00e5n aktiviteter som f\u00f6reningen arrangerar eller deltar i komma att publiceras p\u00e5 f\u00f6reningens hemsida och v\u00e5ra sociala medier. SfKBT kommer att informera om detta i samband med f\u00f6reningens egna aktiviteter.<\/p>\n\n<\/div><\/div><\/div>\n<\/div>\n<\/div><\/div>","protected":false},"excerpt":{"rendered":"<p>personuppgifter och kakor person-uppgifteroch kakor<\/p>\n","protected":false},"author":1,"featured_media":0,"parent":0,"menu_order":0,"comment_status":"closed","ping_status":"closed","template":"","meta":{"footnotes":""},"class_list":["post-3741","page","type-page","status-publish"],"_links":{"self":[{"href":"https:\/\/sfkbt.se\/sfkbt\/wp-json\/wp\/v2\/pages\/3741","targetHints":{"allow":["GET"]}}],"collection":[{"href":"https:\/\/sfkbt.se\/sfkbt\/wp-json\/wp\/v2\/pages"}],"about":[{"href":"https:\/\/sfkbt.se\/sfkbt\/wp-json\/wp\/v2\/types\/page"}],"author":[{"embeddable":true,"href":"https:\/\/sfkbt.se\/sfkbt\/wp-json\/wp\/v2\/users\/1"}],"replies":[{"embeddable":true,"href":"https:\/\/sfkbt.se\/sfkbt\/wp-json\/wp\/v2\/comments?post=3741"}],"version-history":[{"count":13,"href":"https:\/\/sfkbt.se\/sfkbt\/wp-json\/wp\/v2\/pages\/3741\/revisions"}],"predecessor-version":[{"id":4386,"href":"https:\/\/sfkbt.se\/sfkbt\/wp-json\/wp\/v2\/pages\/3741\/revisions\/4386"}],"wp:attachment":[{"href":"https:\/\/sfkbt.se\/sfkbt\/wp-json\/wp\/v2\/media?parent=3741"}],"curies":[{"name":"wp","href":"https:\/\/api.w.org\/{rel}","templated":true}]}}