{"id":2433,"date":"2022-12-25T15:20:13","date_gmt":"2022-12-25T15:20:13","guid":{"rendered":"https:\/\/sfkbt.se\/sfkbt\/?page_id=2433"},"modified":"2025-11-09T14:44:34","modified_gmt":"2025-11-09T14:44:34","slug":"kbt-som-terapi","status":"publish","type":"page","link":"https:\/\/sfkbt.se\/sfkbt\/kbt-som-terapi\/","title":{"rendered":"KBT som terapi"},"content":{"rendered":"<div class=\"gb-container gb-container-19a4201d\"><div class=\"gb-inside-container\">\n<div class=\"gb-container gb-container-7286e5a2\"><div class=\"gb-inside-container\">\n\n<h2 class=\"wp-block-heading has-text-align-center has-vittext-color has-text-color\">om KBT<\/h2>\n\n<\/div><\/div>\n<\/div><\/div>\n\n<div class=\"gb-grid-wrapper gb-grid-wrapper-00e228ff\">\n<div class=\"gb-grid-column gb-grid-column-ca724938\"><div class=\"gb-container gb-container-ca724938\"><div class=\"gb-inside-container\">\n\n<p>Kognitiv Beteendeterapi (KBT) \u00e4r en v\u00e4lk\u00e4nd och v\u00e4letablerad psykoterapiform som rekommenderas av Socialstyrelsen f\u00f6r en rad olika psykiska tillst\u00e5nd. Inom omr\u00e5det forskas regelbundet och olika metoder utvecklas i takt med forskningen. Terapin anpassas efter vad klienten\/patienten beh\u00f6ver. KBT \u00e4r tillg\u00e4ngligt b\u00e5de i privat och landstingsbedriven verksamhet, och kan \u00e4ven bedrivas digitalt.<\/p>\n\n\n\n<p>SfKBT har en viktig roll i att finnas som en sammanh\u00e5llande organisation f\u00f6r de medlemmar som har KBT som arbetsmetod eller intresse. Vi arbetar f\u00f6r att sprida kunskap om den senaste forskningen genom v\u00e5ra sokratiska caf\u00e9er, v\u00e5r tidning Sokraten och genom att samarbeta med andra organisationer inom omr\u00e5det.<\/p>\n\n<\/div><\/div><\/div>\n<\/div>\n\n<div class=\"gb-grid-wrapper gb-grid-wrapper-b4f979ca\">\n<div class=\"gb-grid-column gb-grid-column-ae27593a\"><div class=\"gb-container gb-container-ae27593a\"><div class=\"gb-inside-container\">\n<div class=\"gb-grid-wrapper gb-grid-wrapper-d6471710\">\n<div class=\"gb-grid-column gb-grid-column-21f84d92\"><div class=\"gb-container gb-container-21f84d92\">\n\n<a class=\"gb-button gb-button-c9053ff8 gb-button-text sen_linkbutton\" href=\"https:\/\/sfkbt.se\/dok\/Om_KBT.pdf\" target=\"_blank\" rel=\"noopener noreferrer\">L\u00c4S MER OM KBT<\/a>\n\n<\/div><\/div>\n<\/div>\n\n<div class=\"gb-grid-wrapper gb-grid-wrapper-03b45d0a\">\n<div class=\"gb-grid-column gb-grid-column-77bb087b\"><div class=\"gb-container gb-container-77bb087b\">\n\n<a class=\"gb-button gb-button-a6c0c848 gb-button-text sen_linkbutton\" href=\"\/sfkbt\/omsfkbt\">L\u00c4S MER OM SfKBT<\/a>\n\n<\/div><\/div>\n<\/div>\n<\/div><\/div><\/div>\n<\/div>","protected":false},"excerpt":{"rendered":"<p>om KBT<\/p>\n","protected":false},"author":1,"featured_media":0,"parent":0,"menu_order":0,"comment_status":"closed","ping_status":"closed","template":"","meta":{"footnotes":""},"class_list":["post-2433","page","type-page","status-publish"],"_links":{"self":[{"href":"https:\/\/sfkbt.se\/sfkbt\/wp-json\/wp\/v2\/pages\/2433","targetHints":{"allow":["GET"]}}],"collection":[{"href":"https:\/\/sfkbt.se\/sfkbt\/wp-json\/wp\/v2\/pages"}],"about":[{"href":"https:\/\/sfkbt.se\/sfkbt\/wp-json\/wp\/v2\/types\/page"}],"author":[{"embeddable":true,"href":"https:\/\/sfkbt.se\/sfkbt\/wp-json\/wp\/v2\/users\/1"}],"replies":[{"embeddable":true,"href":"https:\/\/sfkbt.se\/sfkbt\/wp-json\/wp\/v2\/comments?post=2433"}],"version-history":[{"count":12,"href":"https:\/\/sfkbt.se\/sfkbt\/wp-json\/wp\/v2\/pages\/2433\/revisions"}],"predecessor-version":[{"id":5620,"href":"https:\/\/sfkbt.se\/sfkbt\/wp-json\/wp\/v2\/pages\/2433\/revisions\/5620"}],"wp:attachment":[{"href":"https:\/\/sfkbt.se\/sfkbt\/wp-json\/wp\/v2\/media?parent=2433"}],"curies":[{"name":"wp","href":"https:\/\/api.w.org\/{rel}","templated":true}]}}