{"id":1732,"date":"2022-10-19T15:49:46","date_gmt":"2022-10-19T15:49:46","guid":{"rendered":"https:\/\/sfkbt.se\/sfkbt\/?page_id=1732"},"modified":"2025-01-31T12:41:36","modified_gmt":"2025-01-31T12:41:36","slug":"auktoriserade-utbildare","status":"publish","type":"page","link":"https:\/\/sfkbt.se\/sfkbt\/auktoriserade-utbildare\/","title":{"rendered":"Auktoriserade utbildningar"},"content":{"rendered":"<div class=\"gb-container gb-container-19a4201d\"><div class=\"gb-inside-container\">\n<div class=\"gb-container gb-container-7286e5a2\"><div class=\"gb-inside-container\">\n\n<h2 class=\"wp-block-heading has-text-align-center has-vittext-color has-text-color\">auktoriserade utbildningar<\/h2>\n\n<\/div><\/div>\n<\/div><\/div>\n\n<div class=\"gb-grid-wrapper gb-grid-wrapper-049fef62\">\n<div class=\"gb-grid-column gb-grid-column-865320aa\"><div class=\"gb-container gb-container-865320aa\"><div class=\"gb-inside-container\">\n\n<p>Nedanst\u00e5ende utbildningsanordnare tillhandah\u00e5ller utbildningar i KBT. Deras utbildningsplan f\u00f6r grundl\u00e4ggande psykoterapiutbildningar \u00e4r kvalitetsgranskade och auktoriserade av f\u00f6reningen.<\/p>\n\n\n<div class=\"gb-grid-wrapper gb-grid-wrapper-0377c7b3\">\n<div class=\"gb-grid-column gb-grid-column-826af329\"><div class=\"gb-container gb-container-826af329\"><div class=\"gb-inside-container\">\n\n<figure class=\"wp-block-image size-large is-resized\"><a href=\"https:\/\/ehnvallkbtkompetens.se\/\" target=\"_blank\" rel=\"noreferrer noopener\"><img decoding=\"async\" src=\"https:\/\/sfkbt.se\/wpbilder\/anna11.jpg\" alt=\"\" style=\"width:203px;height:48px\"\/><\/a><\/figure>\n\n<\/div><\/div><\/div>\n\n<div class=\"gb-grid-column gb-grid-column-f3941fe0\"><div class=\"gb-container gb-container-f3941fe0\"><div class=\"gb-inside-container\">\n\n<figure class=\"wp-block-image size-large is-resized\"><a href=\"https:\/\/www.norstedtvicente.se\/\" target=\"_blank\" rel=\"noreferrer noopener\"><img decoding=\"async\" src=\"https:\/\/sfkbt.se\/wpbilder\/NV.png\" alt=\"\" style=\"object-fit:cover;width:250px;height:83px\"\/><\/a><\/figure>\n\n<\/div><\/div><\/div>\n\n<div class=\"gb-grid-column gb-grid-column-88941762\"><div class=\"gb-container gb-container-88941762\"><div class=\"gb-inside-container\">\n\n<figure class=\"wp-block-image size-large is-resized\"><a href=\"https:\/\/kbtsvealand.se\/\" target=\"_blank\" rel=\"noreferrer noopener\"><img decoding=\"async\" src=\"https:\/\/sfkbt.se\/wpbilder\/Svealand.png\" alt=\"\" style=\"width:127px;height:47px\"\/><\/a><\/figure>\n\n<\/div><\/div><\/div>\n\n<div class=\"gb-grid-column gb-grid-column-d88a91c2\"><div class=\"gb-container gb-container-d88a91c2\"><div class=\"gb-inside-container\">\n\n<figure class=\"wp-block-image size-large is-resized\"><a href=\"https:\/\/www.blienbattrebehandlare.se\/grundlaggande-psykoterapiutbildning-kbt\/\" target=\"_blank\" rel=\"noreferrer noopener\"><img decoding=\"async\" src=\"https:\/\/sfkbt.se\/wpbilder\/Kbt.png\" alt=\"\" style=\"width:227px;height:54px\"\/><\/a><\/figure>\n\n<\/div><\/div><\/div>\n<\/div>\n\n<div class=\"gb-grid-wrapper gb-grid-wrapper-006d41be\">\n<div class=\"gb-grid-column gb-grid-column-6862a6b7\"><div class=\"gb-container gb-container-6862a6b7\"><div class=\"gb-inside-container\">\n\n<figure class=\"wp-block-image size-large is-resized\"><a href=\"https:\/\/kognio.se\/\" target=\"_blank\" rel=\"noreferrer noopener\"><img decoding=\"async\" src=\"https:\/\/sfkbt.se\/wpbilder\/kognio.png\" alt=\"\" style=\"width:117px;height:37px\"\/><\/a><\/figure>\n\n<\/div><\/div><\/div>\n\n<div class=\"gb-grid-column gb-grid-column-d05767a4\"><div class=\"gb-container gb-container-d05767a4\"><div class=\"gb-inside-container\">\n\n<figure class=\"wp-block-image size-large is-resized\"><a href=\"https:\/\/psyklinisk.com\/\" target=\"_blank\" rel=\"noreferrer noopener\"><img decoding=\"async\" src=\"https:\/\/sfkbt.se\/wpbilder\/Psyklinisk1.png?r=1\" alt=\"\" style=\"object-fit:cover;width:210px;height:53px\"\/><\/a><\/figure>\n\n<\/div><\/div><\/div>\n\n<div class=\"gb-grid-column gb-grid-column-1111655e\"><div class=\"gb-container gb-container-1111655e\"><div class=\"gb-inside-container\">\n\n<figure class=\"wp-block-image size-large\"><a href=\"https:\/\/siepinstitute.com\/\" target=\"_blank\" rel=\"noreferrer noopener\"><img decoding=\"async\" src=\"https:\/\/sfkbt.se\/wpbilder\/SIEP.png\" alt=\"\"\/><\/a><\/figure>\n\n<\/div><\/div><\/div>\n\n<div class=\"gb-grid-column gb-grid-column-4ebaa9a9\"><div class=\"gb-container gb-container-4ebaa9a9\"><div class=\"gb-inside-container\">\n\n<figure class=\"wp-block-image size-large is-resized\"><a href=\"https:\/\/cbti.se\/\" target=\"_blank\" rel=\"noreferrer noopener\"><img decoding=\"async\" src=\"https:\/\/sfkbt.se\/wpbilder\/cbti.png\" alt=\"\" style=\"width:242px;height:101px\"\/><\/a><\/figure>\n\n<\/div><\/div><\/div>\n<\/div>\n\n<div class=\"gb-grid-wrapper gb-grid-wrapper-9c677987\">\n<div class=\"gb-grid-column gb-grid-column-0e96174f\"><div class=\"gb-container gb-container-0e96174f\"><div class=\"gb-inside-container\">\n\n<figure class=\"wp-block-image size-large is-resized\"><a href=\"https:\/\/reverea.se\/\" target=\"_blank\" rel=\"noreferrer noopener\"><img decoding=\"async\" src=\"https:\/\/sfkbt.se\/wpbilder\/RevErea.png\" alt=\"\" style=\"object-fit:contain;width:176px;height:56px\"\/><\/a><\/figure>\n\n<\/div><\/div><\/div>\n<\/div>\n<\/div><\/div><\/div>\n<\/div>\n\n\n<p><\/p>\n","protected":false},"excerpt":{"rendered":"<p>auktoriserade utbildningar<\/p>\n","protected":false},"author":1,"featured_media":0,"parent":0,"menu_order":0,"comment_status":"closed","ping_status":"closed","template":"","meta":{"footnotes":""},"class_list":["post-1732","page","type-page","status-publish"],"_links":{"self":[{"href":"https:\/\/sfkbt.se\/sfkbt\/wp-json\/wp\/v2\/pages\/1732","targetHints":{"allow":["GET"]}}],"collection":[{"href":"https:\/\/sfkbt.se\/sfkbt\/wp-json\/wp\/v2\/pages"}],"about":[{"href":"https:\/\/sfkbt.se\/sfkbt\/wp-json\/wp\/v2\/types\/page"}],"author":[{"embeddable":true,"href":"https:\/\/sfkbt.se\/sfkbt\/wp-json\/wp\/v2\/users\/1"}],"replies":[{"embeddable":true,"href":"https:\/\/sfkbt.se\/sfkbt\/wp-json\/wp\/v2\/comments?post=1732"}],"version-history":[{"count":42,"href":"https:\/\/sfkbt.se\/sfkbt\/wp-json\/wp\/v2\/pages\/1732\/revisions"}],"predecessor-version":[{"id":5238,"href":"https:\/\/sfkbt.se\/sfkbt\/wp-json\/wp\/v2\/pages\/1732\/revisions\/5238"}],"wp:attachment":[{"href":"https:\/\/sfkbt.se\/sfkbt\/wp-json\/wp\/v2\/media?parent=1732"}],"curies":[{"name":"wp","href":"https:\/\/api.w.org\/{rel}","templated":true}]}}